{"id":2194,"date":"2020-10-06T18:05:06","date_gmt":"2020-10-06T18:05:06","guid":{"rendered":"https:\/\/www.veenloopcentrum.nl\/bed-and-breakfast\/"},"modified":"2025-04-09T17:12:24","modified_gmt":"2025-04-09T17:12:24","slug":"bed-and-breakfast","status":"publish","type":"page","link":"https:\/\/www.veenloopcentrum.nl\/de\/bed-and-breakfast\/","title":{"rendered":"Bed and Breakfast"},"content":{"rendered":"<p>[et_pb_section fb_built=&#8220;1&#8243; inner_shadow=&#8220;on&#8220; fullwidth=&#8220;on&#8220; _builder_version=&#8220;4.16&#8243; bottom_divider_style=&#8220;mountains&#8220; bottom_divider_color=&#8220;#ffffff&#8220; bottom_divider_height=&#8220;50px&#8220; bottom_divider_height_tablet=&#8220;25px&#8220; bottom_divider_height_phone=&#8220;20px&#8220; bottom_divider_height_last_edited=&#8220;on|desktop&#8220; global_colors_info=&#8220;{}&#8220;][et_pb_fullwidth_header title=&#8220;Bed &amp; Breakfast&#8220; text_orientation=&#8220;center&#8220; _builder_version=&#8220;4.16&#8243; _module_preset=&#8220;default&#8220; title_font=&#8220;Raleway|700|||||||&#8220; title_text_color=&#8220;#ffffff&#8220; title_font_size=&#8220;42px&#8220; subhead_font=&#8220;Raleway|500|||||||&#8220; subhead_text_align=&#8220;center&#8220; subhead_font_size=&#8220;20px&#8220; background_color=&#8220;#5f3055&#8243; use_background_color_gradient=&#8220;on&#8220; background_color_gradient_direction=&#8220;1deg&#8220; background_color_gradient_stops=&#8220;rgba(73,34,60,0.69) 0%|rgba(73,34,60,0) 100%&#8220; background_color_gradient_overlays_image=&#8220;on&#8220; background_color_gradient_start=&#8220;rgba(73,34,60,0.69)&#8220; background_color_gradient_end=&#8220;rgba(73,34,60,0)&#8220; background_image=&#8220;https:\/\/www.veenloopcentrum.nl\/wp-content\/uploads\/2020\/09\/veenloopcentrum_weiteveen_slider_03.jpg&#8220; custom_margin=&#8220;0px||0px||true|false&#8220; custom_padding=&#8220;150px||150px||true|false&#8220; custom_padding_tablet=&#8220;100px||100px||true|false&#8220; custom_padding_phone=&#8220;40px||40px||true|false&#8220; custom_padding_last_edited=&#8220;on|desktop&#8220; title_font_size_tablet=&#8220;30px&#8220; title_font_size_phone=&#8220;24px&#8220; title_font_size_last_edited=&#8220;on|desktop&#8220; subhead_font_size_tablet=&#8220;17px&#8220; subhead_font_size_phone=&#8220;16px&#8220; subhead_font_size_last_edited=&#8220;on|phone&#8220; global_colors_info=&#8220;{}&#8220;]<br \/>\n[\/et_pb_fullwidth_header][\/et_pb_section][et_pb_section fb_built=&#8220;1&#8243; custom_padding_last_edited=&#8220;on|desktop&#8220; _builder_version=&#8220;4.16&#8243; _module_preset=&#8220;default&#8220; custom_margin=&#8220;0px||0px||true|false&#8220; custom_padding=&#8220;100px||100px||true|false&#8220; custom_padding_tablet=&#8220;50px||50px||true|false&#8220; custom_padding_phone=&#8220;40px||40px||true|false&#8220; bottom_divider_height=&#8220;40px&#8220; bottom_divider_flip=&#8220;horizontal&#8220; global_colors_info=&#8220;{}&#8220;][et_pb_row column_structure=&#8220;3_4,1_4&#8243; _builder_version=&#8220;4.16&#8243; _module_preset=&#8220;default&#8220; custom_margin=&#8220;0px||0px||true|false&#8220; custom_padding=&#8220;0px||0px||false|false&#8220; global_colors_info=&#8220;{}&#8220;][et_pb_column type=&#8220;3_4&#8243; _builder_version=&#8220;4.16&#8243; _module_preset=&#8220;default&#8220; global_colors_info=&#8220;{}&#8220;][et_pb_text admin_label=&#8220;Titel Tekst&#8220; _builder_version=&#8220;4.16&#8243; text_text_color=&#8220;#24346c&#8220; header_font=&#8220;Raleway|600|||||||&#8220; header_text_align=&#8220;left&#8220; header_text_color=&#8220;#5f3055&#8243; header_font_size=&#8220;36px&#8220; header_2_font=&#8220;Raleway|600|||||||&#8220; header_2_text_align=&#8220;left&#8220; header_2_text_color=&#8220;#5f3055&#8243; header_2_font_size=&#8220;36px&#8220; header_3_font=&#8220;Caveat||||||||&#8220; header_3_text_color=&#8220;#ffffff&#8220; header_3_font_size=&#8220;46px&#8220; text_orientation=&#8220;center&#8220; custom_margin=&#8220;0px||0px||true|false&#8220; custom_padding=&#8220;0px||10px||false|false&#8220; animation_style=&#8220;fade&#8220; animation_direction=&#8220;left&#8220; header_font_size_tablet=&#8220;30px&#8220; header_font_size_phone=&#8220;26px&#8220; header_font_size_last_edited=&#8220;on|desktop&#8220; header_2_font_size_tablet=&#8220;30px&#8220; header_2_font_size_phone=&#8220;26px&#8220; header_2_font_size_last_edited=&#8220;on|desktop&#8220; global_colors_info=&#8220;{}&#8220;]<\/p>\n<h2>Eine Nacht oder l\u00e4nger im Gebiet bleiben?<\/h2>\n<p>[\/et_pb_text][et_pb_text _builder_version=&#8220;4.17.3&#8243; text_text_color=&#8220;#49223c&#8220; text_font_size=&#8220;18px&#8220; text_line_height=&#8220;2em&#8220; header_font=&#8220;Raleway|600|||||||&#8220; header_text_color=&#8220;#5f3055&#8243; header_font_size=&#8220;36px&#8220; header_2_font=&#8220;Raleway|600|||||||&#8220; header_2_text_color=&#8220;#5f3055&#8243; header_2_font_size=&#8220;36px&#8220; header_3_font=&#8220;|600|||||||&#8220; header_3_text_color=&#8220;#5f3055&#8243; custom_margin=&#8220;|||0px|false|false&#8220; custom_padding=&#8220;|||0px|false|false&#8220; animation_style=&#8220;fade&#8220; hover_enabled=&#8220;0&#8243; text_font_size_tablet=&#8220;17px&#8220; text_font_size_phone=&#8220;16px&#8220; text_font_size_last_edited=&#8220;on|phone&#8220; text_line_height_tablet=&#8220;1.8em&#8220; text_line_height_phone=&#8220;1.6em&#8220; text_line_height_last_edited=&#8220;on|phone&#8220; header_2_font_size_tablet=&#8220;30px&#8220; header_2_font_size_phone=&#8220;26px&#8220; header_2_font_size_last_edited=&#8220;on|desktop&#8220; global_colors_info=&#8220;{}&#8220; sticky_enabled=&#8220;0&#8243;]<\/p>\n<p>Wollen Sie eine Nacht oder vielleicht ein paar Tage im Gebiet bleiben? Dann bietet das Veenloopcentrum Weiteveen Ihnen die M\u00f6glichkeit, im <strong>Bed &amp; Breakfast<\/strong> zu \u00fcbernachten. Es befindet sich im ersten Stock des ehemaligen Pfarrhauses der <strong>r\u00f6misch-katholischen Kirche<\/strong>.<\/p>\n<p>Sie schlafen in einem unserer <strong>stimmungsvollen Zimmer<\/strong> mit eigener Dusche und Toilette. Wir servieren Ihnen das Fr\u00fchst\u00fcck im traditionellen Caf\u00e9, wo Sie bei einem Kaffee auch in die Atmosph\u00e4re des \u201ealten Moores\u201c eintauchen k\u00f6nnen!<\/p>\n<p>Das Bed &amp; Breakfast liegt am Fernwanderweg \u201eNoaberpad\u201c.<\/p>\n<p>[\/et_pb_text][\/et_pb_column][et_pb_column type=&#8220;1_4&#8243; _builder_version=&#8220;4.16&#8243; _module_preset=&#8220;default&#8220; global_colors_info=&#8220;{}&#8220;][et_pb_image src=&#8220;https:\/\/www.veenloopcentrum.nl\/wp-content\/uploads\/2020\/09\/voetstappen_veenloopcentrum_01.png&#8220; alt=&#8220;Schritte&#8220; title_text=&#8220;Schritte&#8220; align=&#8220;center&#8220; _builder_version=&#8220;4.16&#8243; _module_preset=&#8220;default&#8220; width=&#8220;80%&#8220; width_tablet=&#8220;30%&#8220; width_phone=&#8220;&#8220; width_last_edited=&#8220;on|desktop&#8220; module_alignment=&#8220;center&#8220; animation_style=&#8220;slide&#8220; animation_direction=&#8220;right&#8220; global_colors_info=&#8220;{}&#8220;]<br \/>\n[\/et_pb_image][\/et_pb_column][\/et_pb_row][\/et_pb_section][et_pb_section fb_built=&#8220;1&#8243; disabled_on=&#8220;off|off|off&#8220; _builder_version=&#8220;4.16&#8243; custom_margin=&#8220;0px|0px|0px|0px&#8220; custom_padding=&#8220;0px|0px|0px|0px&#8220; top_divider_color=&#8220;#ffffff&#8220; global_colors_info=&#8220;{}&#8220;][et_pb_row column_structure=&#8220;1_2,1_2&#8243; use_custom_gutter=&#8220;on&#8220; gutter_width=&#8220;1&#8243; make_equal=&#8220;on&#8220; module_class=&#8220; et_pb_row_fullwidth&#8220; _builder_version=&#8220;4.16&#8243; width=&#8220;100%&#8220; width_tablet=&#8220;100%&#8220; width_phone=&#8220;&#8220; width_last_edited=&#8220;on|desktop&#8220; max_width=&#8220;100%&#8220; max_width_tablet=&#8220;100%&#8220; max_width_phone=&#8220;&#8220; max_width_last_edited=&#8220;on|desktop&#8220; custom_margin=&#8220;0px|0px|0px|0px&#8220; custom_padding=&#8220;0px|0px|0px|0px&#8220; make_fullwidth=&#8220;on&#8220; global_colors_info=&#8220;{}&#8220;][et_pb_column type=&#8220;1_2&#8243; _builder_version=&#8220;4.16&#8243; background_color=&#8220;rgba(0,0,0,0)&#8220; background_image=&#8220;https:\/\/www.veenloopcentrum.nl\/wp-content\/uploads\/2020\/09\/bedandbreakfast_veenloopcentrum_weitveen_01.jpg&#8220; custom_padding_tablet=&#8220;60px|60px|60px|60px&#8220; custom_padding_last_edited=&#8220;off|desktop&#8220; global_colors_info=&#8220;{}&#8220; custom_padding__hover=&#8220;|||&#8220;][et_pb_divider show_divider=&#8220;off&#8220; _builder_version=&#8220;4.16&#8243; _module_preset=&#8220;default&#8220; width=&#8220;100%&#8220; height=&#8220;350px&#8220; global_colors_info=&#8220;{}&#8220;]<br \/>\n[\/et_pb_divider][\/et_pb_column][et_pb_column type=&#8220;1_2&#8243; _builder_version=&#8220;4.16&#8243; background_color=&#8220;#01662a&#8220; background_enable_image=&#8220;off&#8220; custom_padding=&#8220;100px|100px|100px|100px|true|true&#8220; custom_padding_tablet=&#8220;60px|60px|60px|60px|true|true&#8220; custom_padding_phone=&#8220;40px|40px|40px|40px|true|true&#8220; custom_padding_last_edited=&#8220;on|desktop&#8220; global_colors_info=&#8220;{}&#8220; custom_padding__hover=&#8220;|||&#8220;][et_pb_text _builder_version=&#8220;4.17.3&#8243; text_text_color=&#8220;#ffffff&#8220; text_font_size=&#8220;18px&#8220; text_line_height=&#8220;1.8em&#8220; header_text_color=&#8220;#ffffff&#8220; header_2_font=&#8220;Raleway|600|||||||&#8220; header_2_text_color=&#8220;#ffffff&#8220; header_2_font_size=&#8220;36px&#8220; header_3_font=&#8220;Raleway|600|||||||&#8220; header_3_text_color=&#8220;#ffffff&#8220; header_3_font_size=&#8220;24px&#8220; animation_style=&#8220;fade&#8220; hover_enabled=&#8220;0&#8243; header_2_font_size_tablet=&#8220;30px&#8220; header_2_font_size_phone=&#8220;26px&#8220; header_2_font_size_last_edited=&#8220;on|desktop&#8220; header_3_font_size_tablet=&#8220;22px&#8220; header_3_font_size_phone=&#8220;21px&#8220; header_3_font_size_last_edited=&#8220;on|desktop&#8220; global_colors_info=&#8220;{}&#8220; sticky_enabled=&#8220;0&#8243;]<\/p>\n<h2>Bed &amp; Breakfast Zimmerinformationen<\/h2>\n<p>Das Bed &amp; Breakfast des Veenloopcentrums in Weiteveen verf\u00fcgt \u00fcber 4 Zimmer f\u00fcr maximal 8 Personen.<\/p>\n<p>Es stehen im Bed &amp; Breakfast 4 Zweibettzimmer mit eigenem Bad zur Verf\u00fcgung.<\/p>\n<p>In den Zimmern sind Haustiere nicht erlaubt.<\/p>\n<p>[\/et_pb_text][et_pb_button button_url=&#8220;#&#8220; button_text=&#8220;Bed &amp; Breakfast reservieren&#8220; disabled_on=&#8220;on|on|on&#8220; module_class=&#8220;dtb-button&#8220; _builder_version=&#8220;4.16&#8243; button_icon_color=&#8220;#ffffff&#8220; background_layout=&#8220;dark&#8220; custom_margin=&#8220;25px|||&#8220; animation_style=&#8220;fade&#8220; disabled=&#8220;on&#8220; global_colors_info=&#8220;{}&#8220; button_bg_color__hover_enabled=&#8220;on|desktop&#8220; button_bg_color__hover=&#8220;#ffffff&#8220; button_bg_enable_color__hover=&#8220;on&#8220; button_text_color__hover_enabled=&#8220;on|desktop&#8220; button_text_color__hover=&#8220;#5f3055&#8243; button_icon_color__hover_enabled=&#8220;on|desktop&#8220; button_icon_color__hover=&#8220;#5f3055&#8243;]<br \/>\n[\/et_pb_button][\/et_pb_column][\/et_pb_row][et_pb_row column_structure=&#8220;1_2,1_2&#8243; use_custom_gutter=&#8220;on&#8220; gutter_width=&#8220;1&#8243; make_equal=&#8220;on&#8220; module_class=&#8220; et_pb_row_fullwidth&#8220; _builder_version=&#8220;4.16&#8243; width=&#8220;100%&#8220; width_tablet=&#8220;100%&#8220; width_phone=&#8220;&#8220; width_last_edited=&#8220;on|desktop&#8220; max_width=&#8220;100%&#8220; max_width_tablet=&#8220;100%&#8220; max_width_phone=&#8220;&#8220; max_width_last_edited=&#8220;on|desktop&#8220; custom_margin=&#8220;0px|0px|0px|0px&#8220; custom_padding=&#8220;0px|0px|0px|0px&#8220; make_fullwidth=&#8220;on&#8220; global_colors_info=&#8220;{}&#8220;][et_pb_column type=&#8220;1_2&#8243; _builder_version=&#8220;4.16&#8243; background_color=&#8220;#5f3055&#8243; background_enable_image=&#8220;off&#8220; custom_padding=&#8220;100px|100px|100px|100px|true|true&#8220; custom_padding_tablet=&#8220;60px|60px|60px|60px&#8220; custom_padding_phone=&#8220;40px|||40px|false|false&#8220; custom_padding_last_edited=&#8220;on|desktop&#8220; global_colors_info=&#8220;{}&#8220; custom_padding__hover=&#8220;|||&#8220;][et_pb_text ul_type=&#8220;square&#8220; ul_position=&#8220;inside&#8220; _builder_version=&#8220;4.17.3&#8243; text_text_color=&#8220;#ffffff&#8220; text_font_size=&#8220;18px&#8220; text_line_height=&#8220;1.8em&#8220; header_text_color=&#8220;#ffffff&#8220; header_2_font=&#8220;Raleway|600|||||||&#8220; header_2_text_color=&#8220;#ffffff&#8220; header_2_font_size=&#8220;36px&#8220; header_3_font=&#8220;Raleway|600|||||||&#8220; header_3_text_color=&#8220;#ffffff&#8220; header_3_font_size=&#8220;24px&#8220; animation_style=&#8220;fade&#8220; hover_enabled=&#8220;0&#8243; header_2_font_size_tablet=&#8220;30px&#8220; header_2_font_size_phone=&#8220;26px&#8220; header_2_font_size_last_edited=&#8220;on|desktop&#8220; header_3_font_size_tablet=&#8220;22px&#8220; header_3_font_size_phone=&#8220;21px&#8220; header_3_font_size_last_edited=&#8220;on|desktop&#8220; global_colors_info=&#8220;{}&#8220; sticky_enabled=&#8220;0&#8243;]<\/p>\n<h2>Bed &amp; Breakfast Zimmerpreise<\/h2>\n<ul>\n<li><strong>F\u00fcr 2 Personen 1 Nacht \u20ac 87,00<\/strong><\/li>\n<\/ul>\n<ul>\n<li><strong>F\u00fcr 1 Person 1 Nacht \u20ac 57,00<\/strong><\/li>\n<\/ul>\n<p>Abnehmender Preis bei mehreren \u00dcbernachtungen.<br \/>Die Kurtaxe betr\u00e4gt 1,70 \u20ac p.p.p.n.<br \/>Zahlungen per PIN oder Bargeld.<\/p>\n<p>Reservierungen bis 24 Stunden im Voraus m\u00f6glich.<\/p>\n<p>Der Check-in ist von 16:00 bis 18:00 Uhr m\u00f6glich.<br \/>Der Check-out ist bis 10:00 Uhr m\u00f6glich.<\/p>\n<h2>Rabatt-Karte<\/h2>\n<p>W\u00e4hrend Ihres Aufenthalts erhalten Sie eine Rabattkarte von Het Drentse Veenland, mit der Sie bei den genannten Mitgliedern einen Rabatt erhalten (siehe Brosch\u00fcre).<\/p>\n<p>[\/et_pb_text][et_pb_button button_url=&#8220;https:\/\/www.veenloopcentrum.nl\/de\/kontakt\/&#8220; button_text=&#8220;Bed &amp; Breakfast reservieren&#8220; module_class=&#8220;dtb-button&#8220; _builder_version=&#8220;4.16&#8243; button_icon_color=&#8220;#ffffff&#8220; background_layout=&#8220;dark&#8220; custom_margin=&#8220;25px|||&#8220; animation_style=&#8220;fade&#8220; global_colors_info=&#8220;{}&#8220; button_bg_color__hover_enabled=&#8220;on|desktop&#8220; button_bg_color__hover=&#8220;#ffffff&#8220; button_bg_enable_color__hover=&#8220;on&#8220; button_text_color__hover_enabled=&#8220;on|desktop&#8220; button_text_color__hover=&#8220;#5f3055&#8243; button_icon_color__hover_enabled=&#8220;on|desktop&#8220; button_icon_color__hover=&#8220;#5f3055&#8243;]<br \/>\n[\/et_pb_button][\/et_pb_column][et_pb_column type=&#8220;1_2&#8243; _builder_version=&#8220;4.16&#8243; background_color=&#8220;#01662a&#8220; background_image=&#8220;https:\/\/www.veenloopcentrum.nl\/wp-content\/uploads\/2020\/09\/veenloopcentrum_weiteveen_slider_01.jpg&#8220; custom_padding=&#8220;||||true|true&#8220; custom_padding_tablet=&#8220;60px|60px|60px|60px|true|true&#8220; custom_padding_last_edited=&#8220;off|desktop&#8220; global_colors_info=&#8220;{}&#8220; custom_padding__hover=&#8220;|||&#8220;][et_pb_divider show_divider=&#8220;off&#8220; _builder_version=&#8220;4.16&#8243; _module_preset=&#8220;default&#8220; width=&#8220;100%&#8220; height=&#8220;350px&#8220; global_colors_info=&#8220;{}&#8220;]<br \/>\n[\/et_pb_divider][\/et_pb_column][\/et_pb_row][\/et_pb_section]<\/p>\n","protected":false},"excerpt":{"rendered":"<p>Eine Nacht oder l\u00e4nger im Gebiet bleiben? Wollen Sie eine Nacht oder vielleicht ein paar Tage im Gebiet bleiben? Dann bietet das Veenloopcentrum Weiteveen Ihnen die M\u00f6glichkeit, im Bed &amp; Breakfast zu \u00fcbernachten. Es befindet sich im ersten Stock des ehemaligen Pfarrhauses der r\u00f6misch-katholischen Kirche. Sie schlafen in einem unserer stimmungsvollen Zimmer mit eigener Dusche [&hellip;]<\/p>\n","protected":false},"author":1,"featured_media":0,"parent":0,"menu_order":0,"comment_status":"closed","ping_status":"closed","template":"","meta":{"_et_pb_use_builder":"on","_et_pb_old_content":"","_et_gb_content_width":"","footnotes":""},"class_list":["post-2194","page","type-page","status-publish","hentry"],"_links":{"self":[{"href":"https:\/\/www.veenloopcentrum.nl\/de\/wp-json\/wp\/v2\/pages\/2194","targetHints":{"allow":["GET"]}}],"collection":[{"href":"https:\/\/www.veenloopcentrum.nl\/de\/wp-json\/wp\/v2\/pages"}],"about":[{"href":"https:\/\/www.veenloopcentrum.nl\/de\/wp-json\/wp\/v2\/types\/page"}],"author":[{"embeddable":true,"href":"https:\/\/www.veenloopcentrum.nl\/de\/wp-json\/wp\/v2\/users\/1"}],"replies":[{"embeddable":true,"href":"https:\/\/www.veenloopcentrum.nl\/de\/wp-json\/wp\/v2\/comments?post=2194"}],"version-history":[{"count":15,"href":"https:\/\/www.veenloopcentrum.nl\/de\/wp-json\/wp\/v2\/pages\/2194\/revisions"}],"predecessor-version":[{"id":2730,"href":"https:\/\/www.veenloopcentrum.nl\/de\/wp-json\/wp\/v2\/pages\/2194\/revisions\/2730"}],"wp:attachment":[{"href":"https:\/\/www.veenloopcentrum.nl\/de\/wp-json\/wp\/v2\/media?parent=2194"}],"curies":[{"name":"wp","href":"https:\/\/api.w.org\/{rel}","templated":true}]}}