{"id":2212,"date":"2020-10-07T14:51:45","date_gmt":"2020-10-07T14:51:45","guid":{"rendered":"https:\/\/www.veenloopcentrum.nl\/kinderfest\/"},"modified":"2022-12-13T10:18:39","modified_gmt":"2022-12-13T10:18:39","slug":"kinderfest","status":"publish","type":"page","link":"https:\/\/www.veenloopcentrum.nl\/de\/kinderfest\/","title":{"rendered":"Kinderfest"},"content":{"rendered":"<p>[et_pb_section bb_built=&#8220;1&#8243; inner_shadow=&#8220;on&#8220; fullwidth=&#8220;on&#8220; _builder_version=&#8220;4.6.3&#8243; bottom_divider_style=&#8220;mountains&#8220; bottom_divider_color=&#8220;#ffffff&#8220; bottom_divider_height=&#8220;50px&#8220; bottom_divider_height_tablet=&#8220;25px&#8220; bottom_divider_height_phone=&#8220;20px&#8220; bottom_divider_height_last_edited=&#8220;on|desktop&#8220; next_background_color=&#8220;#000000&#8243;][et_pb_fullwidth_header title=&#8220;Kinderfest&#8220; text_orientation=&#8220;center&#8220; _builder_version=&#8220;4.6.3&#8243; _module_preset=&#8220;default&#8220; title_font=&#8220;Raleway|700|||||||&#8220; title_text_color=&#8220;#ffffff&#8220; title_font_size=&#8220;42px&#8220; subhead_font=&#8220;Raleway|500|||||||&#8220; subhead_text_align=&#8220;center&#8220; subhead_font_size=&#8220;20px&#8220; background_color=&#8220;#5f3055&#8243; use_background_color_gradient=&#8220;on&#8220; background_color_gradient_start=&#8220;rgba(73,34,60,0.69)&#8220; background_color_gradient_end=&#8220;rgba(73,34,60,0)&#8220; background_color_gradient_direction=&#8220;1deg&#8220; background_color_gradient_overlays_image=&#8220;on&#8220; background_image=&#8220;https:\/\/www.veenloopcentrum.nl\/wp-content\/uploads\/2020\/09\/veenlopen_veenloopcentrum_weiteveen_slider-01.jpg&#8220; custom_margin=&#8220;0px||0px||true|false&#8220; custom_padding=&#8220;150px||150px||true|false&#8220; custom_padding_tablet=&#8220;100px||100px||true|false&#8220; custom_padding_phone=&#8220;40px||40px||true|false&#8220; custom_padding_last_edited=&#8220;on|desktop&#8220; hover_enabled=&#8220;0&#8243; title_font_size_tablet=&#8220;30px&#8220; title_font_size_phone=&#8220;24px&#8220; title_font_size_last_edited=&#8220;on|desktop&#8220; subhead_font_size_tablet=&#8220;17px&#8220; subhead_font_size_phone=&#8220;16px&#8220; subhead_font_size_last_edited=&#8220;on|phone&#8220; title_text=&#8220;veenlopen_veenloopcentrum_weiteveen_slider-01&#8243; sticky_enabled=&#8220;0&#8243;]<\/p>\n<p>[\/et_pb_fullwidth_header][\/et_pb_section][et_pb_section bb_built=&#8220;1&#8243; custom_padding_last_edited=&#8220;on|desktop&#8220; _builder_version=&#8220;4.6.3&#8243; _module_preset=&#8220;default&#8220; custom_margin=&#8220;0px||0px||true|false&#8220; custom_padding=&#8220;100px||100px||true|false&#8220; custom_padding_tablet=&#8220;50px||50px||true|false&#8220; custom_padding_phone=&#8220;40px||40px||true|false&#8220; bottom_divider_height=&#8220;40px&#8220; bottom_divider_flip=&#8220;horizontal&#8220; prev_background_color=&#8220;#000000&#8243; next_background_color=&#8220;#000000&#8243;][et_pb_row column_structure=&#8220;3_4,1_4&#8243; _builder_version=&#8220;4.6.3&#8243; _module_preset=&#8220;default&#8220; custom_margin=&#8220;0px||0px||true|false&#8220; custom_padding=&#8220;0px||0px||false|false&#8220;][et_pb_column type=&#8220;3_4&#8243; _builder_version=&#8220;4.6.3&#8243; _module_preset=&#8220;default&#8220;][et_pb_text admin_label=&#8220;Titel Tekst&#8220; _builder_version=&#8220;4.6.3&#8243; text_text_color=&#8220;#24346c&#8220; header_font=&#8220;Raleway|600|||||||&#8220; header_text_align=&#8220;left&#8220; header_text_color=&#8220;#5f3055&#8243; header_font_size=&#8220;36px&#8220; header_2_font=&#8220;Raleway|600|||||||&#8220; header_2_text_align=&#8220;left&#8220; header_2_text_color=&#8220;#5f3055&#8243; header_2_font_size=&#8220;36px&#8220; header_3_font=&#8220;Caveat||||||||&#8220; header_3_text_color=&#8220;#ffffff&#8220; header_3_font_size=&#8220;46px&#8220; text_orientation=&#8220;center&#8220; custom_margin=&#8220;0px||0px||true|false&#8220; custom_padding=&#8220;0px||10px||false|false&#8220; animation_style=&#8220;fade&#8220; animation_direction=&#8220;left&#8220; header_font_size_tablet=&#8220;30px&#8220; header_font_size_phone=&#8220;26px&#8220; header_font_size_last_edited=&#8220;on|desktop&#8220; header_2_font_size_tablet=&#8220;30px&#8220; header_2_font_size_phone=&#8220;26px&#8220; header_2_font_size_last_edited=&#8220;on|desktop&#8220;]<\/p>\n<h2>Kinderfest-Arrangement<\/h2>\n<p>[\/et_pb_text][et_pb_text _builder_version=&#8220;4.6.3&#8243; text_text_color=&#8220;#49223c&#8220; text_font_size=&#8220;18px&#8220; text_line_height=&#8220;2em&#8220; header_font=&#8220;Raleway|600|||||||&#8220; header_text_color=&#8220;#5f3055&#8243; header_font_size=&#8220;36px&#8220; header_2_font=&#8220;Raleway|600|||||||&#8220; header_2_text_color=&#8220;#5f3055&#8243; header_2_font_size=&#8220;36px&#8220; header_3_font=&#8220;|600|||||||&#8220; header_3_text_color=&#8220;#5f3055&#8243; custom_margin=&#8220;|||0px|false|false&#8220; custom_padding=&#8220;|||0px|false|false&#8220; animation_style=&#8220;fade&#8220; text_font_size_tablet=&#8220;17px&#8220; text_font_size_phone=&#8220;16px&#8220; text_font_size_last_edited=&#8220;on|phone&#8220; text_line_height_tablet=&#8220;1.8em&#8220; text_line_height_phone=&#8220;1.6em&#8220; text_line_height_last_edited=&#8220;on|phone&#8220; header_2_font_size_tablet=&#8220;30px&#8220; header_2_font_size_phone=&#8220;26px&#8220; header_2_font_size_last_edited=&#8220;on|desktop&#8220;]<\/p>\n<p>Das Veenloopcentrum organisiert auch Kinderfeste. F\u00fcr \u20ac 10,00 p.p. organisieren wir ein komplettes Kinderfest. Schmuggelspiel, Schnitzeljagd und Schatzsuche sind einige der Aktivit\u00e4ten, die die Kinder hier erleben. W\u00e4hrend und nach diesen Aktivit\u00e4ten gibt es verschiedene Leckereien, u.a. Pommes mit Frikandel.<\/p>\n<p>Rufen Sie an oder schicken Sie eine E-Mail f\u00fcr weitere Informationen, Reservierungen oder ein ma\u00dfgeschneidertes Arrangement. Reservierungen sind erforderlich!<\/p>\n<p>[\/et_pb_text][et_pb_button button_url=&#8220;https:\/\/www.veenloopcentrum.nl\/de\/kontakt\/&#8220; button_text=&#8220;Kontakt aufnehmen&#8220; _builder_version=&#8220;4.6.3&#8243; button_icon_color=&#8220;#ffffff&#8220; background_layout=&#8220;dark&#8220; custom_margin=&#8220;25px|||&#8220; animation_style=&#8220;fade&#8220; button_bg_color__hover_enabled=&#8220;on|desktop&#8220; button_bg_color__hover=&#8220;#ffffff&#8220; button_bg_enable_color__hover=&#8220;on&#8220; button_text_color__hover_enabled=&#8220;on|desktop&#8220; button_text_color__hover=&#8220;#5f3055&#8243; button_icon_color__hover_enabled=&#8220;on|desktop&#8220; button_icon_color__hover=&#8220;#5f3055&#8243;]<\/p>\n<p>[\/et_pb_button][\/et_pb_column][et_pb_column type=&#8220;1_4&#8243; _builder_version=&#8220;4.6.3&#8243; _module_preset=&#8220;default&#8220;][et_pb_image src=&#8220;https:\/\/www.veenloopcentrum.nl\/wp-content\/uploads\/2020\/09\/voetstappen_veenloopcentrum_01.png&#8220; alt=&#8220;Schritte&#8220; title_text=&#8220;Schritte&#8220; align=&#8220;center&#8220; disabled_on=&#8220;off|off|off&#8220; _builder_version=&#8220;4.6.3&#8243; _module_preset=&#8220;default&#8220; width=&#8220;65%&#8220; width_tablet=&#8220;20%&#8220; width_last_edited=&#8220;on|phone&#8220; module_alignment=&#8220;center&#8220; animation_style=&#8220;slide&#8220; animation_direction=&#8220;right&#8220;]<\/p>\n<p>[\/et_pb_image][\/et_pb_column][\/et_pb_row][\/et_pb_section][et_pb_section bb_built=&#8220;1&#8243; disabled_on=&#8220;on|off|off&#8220; _builder_version=&#8220;4.6.3&#8243; _module_preset=&#8220;default&#8220; custom_margin=&#8220;0px|0px|0px|0px|true|true&#8220; custom_padding=&#8220;0px|0px|0px|0px|true|true&#8220; top_divider_style=&#8220;mountains&#8220; top_divider_color=&#8220;#fff&#8220; top_divider_height=&#8220;50px&#8220; top_divider_arrangement=&#8220;above_content&#8220; top_divider_height_tablet=&#8220;30px&#8220; top_divider_height_phone=&#8220;20px&#8220; top_divider_height_last_edited=&#8220;on|phone&#8220; prev_background_color=&#8220;#000000&#8243;][et_pb_row column_structure=&#8220;1_3,1_3,1_3&#8243; use_custom_gutter=&#8220;on&#8220; gutter_width=&#8220;1&#8243; make_equal=&#8220;on&#8220; _builder_version=&#8220;4.6.3&#8243; _module_preset=&#8220;default&#8220; width=&#8220;100%&#8220; max_width=&#8220;100%&#8220; custom_margin=&#8220;0px|0px|0px|0px|true|true&#8220; custom_padding=&#8220;0px|0px|0px|0px|true|true&#8220;][et_pb_column type=&#8220;1_3&#8243; _builder_version=&#8220;4.6.3&#8243; _module_preset=&#8220;default&#8220;][et_pb_image src=&#8220;https:\/\/www.veenloopcentrum.nl\/wp-content\/uploads\/2020\/09\/veenloopcentrum_weiteveen_slider_04.jpg&#8220; alt=&#8220;Veenloopcentrum Weiteveen&#8220; title_text=&#8220;veenloopcentrum_weiteveen_slider_04&#8243; disabled_on=&#8220;on|on|off&#8220; _builder_version=&#8220;4.6.3&#8243; _module_preset=&#8220;default&#8220; animation_style=&#8220;fade&#8220; hover_enabled=&#8220;0&#8243; sticky_enabled=&#8220;0&#8243;]<\/p>\n<p>[\/et_pb_image][\/et_pb_column][et_pb_column type=&#8220;1_3&#8243; _builder_version=&#8220;4.6.3&#8243; _module_preset=&#8220;default&#8220;][et_pb_image src=&#8220;https:\/\/www.veenloopcentrum.nl\/wp-content\/uploads\/2020\/11\/DSC_0020-80-pct.-scaled.jpg&#8220; alt=&#8220;Moorwanderungen&#8220; title_text=&#8220;Moorwanderungen&#8220; _builder_version=&#8220;4.6.3&#8243; _module_preset=&#8220;default&#8220; animation_style=&#8220;fade&#8220; hover_enabled=&#8220;0&#8243; sticky_enabled=&#8220;0&#8243;]<\/p>\n<p>[\/et_pb_image][\/et_pb_column][et_pb_column type=&#8220;1_3&#8243; _builder_version=&#8220;4.6.3&#8243; _module_preset=&#8220;default&#8220;][et_pb_image src=&#8220;https:\/\/www.veenloopcentrum.nl\/wp-content\/uploads\/2020\/10\/veenpoort_veenloopcentrum_weitveen_03.jpg&#8220; alt=&#8220;Veenloopcentrum Weiteveen&#8220; title_text=&#8220;veenpoort_veenloopcentrum_weitveen_03&#8243; disabled_on=&#8220;on|on|off&#8220; _builder_version=&#8220;4.6.3&#8243; _module_preset=&#8220;default&#8220; animation_style=&#8220;fade&#8220;]<\/p>\n<p>[\/et_pb_image][\/et_pb_column][\/et_pb_row][\/et_pb_section]<\/p>\n","protected":false},"excerpt":{"rendered":"<p>Kinderfest-Arrangement Das Veenloopcentrum organisiert auch Kinderfeste. F\u00fcr \u20ac 10,00 p.p. organisieren wir ein komplettes Kinderfest. Schmuggelspiel, Schnitzeljagd und Schatzsuche sind einige der Aktivit\u00e4ten, die die Kinder hier erleben. W\u00e4hrend und nach diesen Aktivit\u00e4ten gibt es verschiedene Leckereien, u.a. Pommes mit Frikandel.Rufen Sie an oder schicken Sie eine E-Mail f\u00fcr weitere Informationen, Reservierungen oder ein ma\u00dfgeschneidertes [&hellip;]<\/p>\n","protected":false},"author":1,"featured_media":0,"parent":0,"menu_order":0,"comment_status":"closed","ping_status":"closed","template":"","meta":{"_et_pb_use_builder":"on","_et_pb_old_content":"","_et_gb_content_width":"","footnotes":""},"class_list":["post-2212","page","type-page","status-publish","hentry"],"_links":{"self":[{"href":"https:\/\/www.veenloopcentrum.nl\/de\/wp-json\/wp\/v2\/pages\/2212","targetHints":{"allow":["GET"]}}],"collection":[{"href":"https:\/\/www.veenloopcentrum.nl\/de\/wp-json\/wp\/v2\/pages"}],"about":[{"href":"https:\/\/www.veenloopcentrum.nl\/de\/wp-json\/wp\/v2\/types\/page"}],"author":[{"embeddable":true,"href":"https:\/\/www.veenloopcentrum.nl\/de\/wp-json\/wp\/v2\/users\/1"}],"replies":[{"embeddable":true,"href":"https:\/\/www.veenloopcentrum.nl\/de\/wp-json\/wp\/v2\/comments?post=2212"}],"version-history":[{"count":10,"href":"https:\/\/www.veenloopcentrum.nl\/de\/wp-json\/wp\/v2\/pages\/2212\/revisions"}],"predecessor-version":[{"id":2435,"href":"https:\/\/www.veenloopcentrum.nl\/de\/wp-json\/wp\/v2\/pages\/2212\/revisions\/2435"}],"wp:attachment":[{"href":"https:\/\/www.veenloopcentrum.nl\/de\/wp-json\/wp\/v2\/media?parent=2212"}],"curies":[{"name":"wp","href":"https:\/\/api.w.org\/{rel}","templated":true}]}}