{"id":2220,"date":"2020-10-07T14:56:53","date_gmt":"2020-10-07T14:56:53","guid":{"rendered":"https:\/\/www.veenloopcentrum.nl\/veenloopcentrum-arrangement\/"},"modified":"2022-12-13T10:17:53","modified_gmt":"2022-12-13T10:17:53","slug":"veenloopcentrum-arrangement","status":"publish","type":"page","link":"https:\/\/www.veenloopcentrum.nl\/de\/veenloopcentrum-arrangement\/","title":{"rendered":"Veenloopcentrum Arrangement"},"content":{"rendered":"<p>[et_pb_section bb_built=&#8220;1&#8243; inner_shadow=&#8220;on&#8220; fullwidth=&#8220;on&#8220; _builder_version=&#8220;4.6.3&#8243; bottom_divider_style=&#8220;mountains&#8220; bottom_divider_color=&#8220;#ffffff&#8220; bottom_divider_height=&#8220;50px&#8220; bottom_divider_height_tablet=&#8220;25px&#8220; bottom_divider_height_phone=&#8220;20px&#8220; bottom_divider_height_last_edited=&#8220;on|desktop&#8220; next_background_color=&#8220;#000000&#8243;][et_pb_fullwidth_header title=&#8220;Veenloopcentrum Arrangement&#8220; text_orientation=&#8220;center&#8220; _builder_version=&#8220;4.6.3&#8243; _module_preset=&#8220;default&#8220; title_font=&#8220;Raleway|700|||||||&#8220; title_text_color=&#8220;#ffffff&#8220; title_font_size=&#8220;42px&#8220; subhead_font=&#8220;Raleway|500|||||||&#8220; subhead_text_align=&#8220;center&#8220; subhead_font_size=&#8220;20px&#8220; background_color=&#8220;#5f3055&#8243; use_background_color_gradient=&#8220;on&#8220; background_color_gradient_start=&#8220;rgba(73,34,60,0.69)&#8220; background_color_gradient_end=&#8220;rgba(73,34,60,0)&#8220; background_color_gradient_direction=&#8220;1deg&#8220; background_color_gradient_overlays_image=&#8220;on&#8220; background_image=&#8220;https:\/\/www.veenloopcentrum.nl\/wp-content\/uploads\/2020\/09\/veenloopcentrum_weiteveen_slider_04.jpg&#8220; custom_margin=&#8220;0px||0px||true|false&#8220; custom_padding=&#8220;150px||150px||true|false&#8220; custom_padding_tablet=&#8220;100px||100px||true|false&#8220; custom_padding_phone=&#8220;40px||40px||true|false&#8220; custom_padding_last_edited=&#8220;on|desktop&#8220; title_font_size_tablet=&#8220;30px&#8220; title_font_size_phone=&#8220;24px&#8220; title_font_size_last_edited=&#8220;on|desktop&#8220; subhead_font_size_tablet=&#8220;17px&#8220; subhead_font_size_phone=&#8220;16px&#8220; subhead_font_size_last_edited=&#8220;on|phone&#8220;]<\/p>\n<p>[\/et_pb_fullwidth_header][\/et_pb_section][et_pb_section bb_built=&#8220;1&#8243; custom_padding_last_edited=&#8220;on|desktop&#8220; _builder_version=&#8220;4.6.3&#8243; _module_preset=&#8220;default&#8220; custom_margin=&#8220;0px||0px||true|false&#8220; custom_padding=&#8220;100px||100px||true|false&#8220; custom_padding_tablet=&#8220;50px||50px||true|false&#8220; custom_padding_phone=&#8220;40px||40px||true|false&#8220; bottom_divider_height=&#8220;40px&#8220; bottom_divider_flip=&#8220;horizontal&#8220; prev_background_color=&#8220;#000000&#8243; next_background_color=&#8220;#57162d&#8220;][et_pb_row column_structure=&#8220;3_4,1_4&#8243; _builder_version=&#8220;4.6.3&#8243; _module_preset=&#8220;default&#8220; custom_margin=&#8220;0px||0px||true|false&#8220; custom_padding=&#8220;0px||0px||false|false&#8220;][et_pb_column type=&#8220;3_4&#8243; _builder_version=&#8220;4.6.3&#8243; _module_preset=&#8220;default&#8220;][et_pb_text admin_label=&#8220;Titel Tekst&#8220; _builder_version=&#8220;4.6.3&#8243; text_text_color=&#8220;#24346c&#8220; header_font=&#8220;Raleway|600|||||||&#8220; header_text_align=&#8220;left&#8220; header_text_color=&#8220;#5f3055&#8243; header_font_size=&#8220;36px&#8220; header_2_font=&#8220;Raleway|600|||||||&#8220; header_2_text_align=&#8220;left&#8220; header_2_text_color=&#8220;#5f3055&#8243; header_2_font_size=&#8220;36px&#8220; header_3_font=&#8220;Caveat||||||||&#8220; header_3_text_color=&#8220;#ffffff&#8220; header_3_font_size=&#8220;46px&#8220; text_orientation=&#8220;center&#8220; custom_margin=&#8220;0px||0px||true|false&#8220; custom_padding=&#8220;0px||10px||false|false&#8220; animation_style=&#8220;fade&#8220; animation_direction=&#8220;left&#8220; header_font_size_tablet=&#8220;30px&#8220; header_font_size_phone=&#8220;26px&#8220; header_font_size_last_edited=&#8220;on|desktop&#8220; header_2_font_size_tablet=&#8220;30px&#8220; header_2_font_size_phone=&#8220;26px&#8220; header_2_font_size_last_edited=&#8220;on|desktop&#8220;]<\/p>\n<h2>Van Gogh und das Veenloopcentrum<\/h2>\n<p>[\/et_pb_text][et_pb_text _builder_version=&#8220;4.6.3&#8243; text_text_color=&#8220;#49223c&#8220; text_font_size=&#8220;18px&#8220; text_line_height=&#8220;2em&#8220; header_font=&#8220;Raleway|600|||||||&#8220; header_text_color=&#8220;#5f3055&#8243; header_font_size=&#8220;36px&#8220; header_2_font=&#8220;Raleway|600|||||||&#8220; header_2_text_color=&#8220;#5f3055&#8243; header_2_font_size=&#8220;36px&#8220; header_3_font=&#8220;|600|||||||&#8220; header_3_text_color=&#8220;#5f3055&#8243; custom_margin=&#8220;|||0px|false|false&#8220; custom_padding=&#8220;|||0px|false|false&#8220; animation_style=&#8220;fade&#8220; text_font_size_tablet=&#8220;17px&#8220; text_font_size_phone=&#8220;16px&#8220; text_font_size_last_edited=&#8220;on|phone&#8220; text_line_height_tablet=&#8220;1.8em&#8220; text_line_height_phone=&#8220;1.6em&#8220; text_line_height_last_edited=&#8220;on|phone&#8220; header_2_font_size_tablet=&#8220;30px&#8220; header_2_font_size_phone=&#8220;26px&#8220; header_2_font_size_last_edited=&#8220;on|desktop&#8220;]<\/p>\n<p>F\u00fcr dieses Arrangement k\u00f6nnen Sie sich dienstags und mittwochs telefonisch im Van Gogh Huis anmelden. An anderen Tagen k\u00f6nnen Sie eine E-Mail schicken. Sie werden dann zur\u00fcckgerufen.<\/p>\n<p><strong>Kontaktdaten Van Gogh Huis:<br \/><\/strong>Telefonnummer: 0031 (0)591-555600<br \/>E-Mail-Adresse: info@vangogh-drenthe.nl<\/p>\n<p>Rufen Sie an oder schicken Sie eine E-Mail f\u00fcr weitere Informationen, Reservierungen oder ein ma\u00dfgeschneidertes Arrangement. Reservierungen sind erforderlich!<\/p>\n<p>[\/et_pb_text][et_pb_button button_url=&#8220;https:\/\/www.veenloopcentrum.nl\/de\/kontakt\/&#8220; button_text=&#8220;Kontakt aufnehmen&#8220; _builder_version=&#8220;4.6.3&#8243; button_icon_color=&#8220;#ffffff&#8220; background_layout=&#8220;dark&#8220; custom_margin=&#8220;25px|||&#8220; animation_style=&#8220;fade&#8220; hover_enabled=&#8220;0&#8243; button_bg_color__hover_enabled=&#8220;on|desktop&#8220; button_bg_color__hover=&#8220;#ffffff&#8220; button_bg_enable_color__hover=&#8220;on&#8220; button_text_color__hover_enabled=&#8220;on|desktop&#8220; button_text_color__hover=&#8220;#5f3055&#8243; button_icon_color__hover_enabled=&#8220;on|desktop&#8220; button_icon_color__hover=&#8220;#5f3055&#8243; sticky_enabled=&#8220;0&#8243;]<\/p>\n<p>[\/et_pb_button][\/et_pb_column][et_pb_column type=&#8220;1_4&#8243; _builder_version=&#8220;4.6.3&#8243; _module_preset=&#8220;default&#8220;][et_pb_image src=&#8220;https:\/\/www.veenloopcentrum.nl\/wp-content\/uploads\/2020\/09\/voetstappen_veenloopcentrum_01.png&#8220; alt=&#8220;Schritte&#8220; title_text=&#8220;Schritte&#8220; align=&#8220;center&#8220; disabled_on=&#8220;off|off|off&#8220; _builder_version=&#8220;4.6.3&#8243; _module_preset=&#8220;default&#8220; width=&#8220;65%&#8220; width_tablet=&#8220;20%&#8220; width_last_edited=&#8220;on|phone&#8220; module_alignment=&#8220;center&#8220; animation_style=&#8220;slide&#8220; animation_direction=&#8220;right&#8220;]<\/p>\n<p>[\/et_pb_image][\/et_pb_column][\/et_pb_row][\/et_pb_section][et_pb_section bb_built=&#8220;1&#8243; prev_background_color=&#8220;#ffffff&#8220; _builder_version=&#8220;4.6.3&#8243; _module_preset=&#8220;default&#8220; background_color=&#8220;#57162d&#8220; background_enable_image=&#8220;off&#8220; parallax=&#8220;on&#8220; custom_margin=&#8220;0px||0px||true|false&#8220; custom_padding=&#8220;0px||0px||true|false&#8220; top_divider_style=&#8220;mountains&#8220; top_divider_height=&#8220;70px&#8220; top_divider_height_tablet=&#8220;40px&#8220; top_divider_height_phone=&#8220;20px&#8220; top_divider_height_last_edited=&#8220;on|phone&#8220; next_background_color=&#8220;#ffffff&#8220;][et_pb_row make_equal=&#8220;on&#8220; custom_padding_last_edited=&#8220;on|phone&#8220; _builder_version=&#8220;4.6.3&#8243; _module_preset=&#8220;default&#8220; custom_margin=&#8220;0px||0px||true|false&#8220; custom_padding=&#8220;150px||70px||false|false&#8220; custom_padding_tablet=&#8220;80px||20px||false|false&#8220; custom_padding_phone=&#8220;60px||0px||false|false&#8220;][et_pb_column type=&#8220;4_4&#8243; _builder_version=&#8220;4.6.3&#8243; _module_preset=&#8220;default&#8220; background_color=&#8220;rgba(255,255,255,0.1)&#8220; custom_padding=&#8220;50px|60px|30px|60px|false|true&#8220; custom_padding_tablet=&#8220;25px|40px|25px|40px|true|true&#8220; custom_padding_phone=&#8220;15px|30px|15px|30px|true|true&#8220; custom_padding_last_edited=&#8220;on|desktop&#8220;][et_pb_text ul_type=&#8220;square&#8220; ul_position=&#8220;inside&#8220; _builder_version=&#8220;4.6.3&#8243; text_text_color=&#8220;#ffffff&#8220; text_font_size=&#8220;18px&#8220; text_line_height=&#8220;1.8em&#8220; ul_line_height=&#8220;1.8em&#8220; header_text_color=&#8220;#ffffff&#8220; header_2_font=&#8220;Raleway|600|||||||&#8220; header_2_text_color=&#8220;#ffffff&#8220; header_2_font_size=&#8220;36px&#8220; header_3_font=&#8220;Raleway|600|||||||&#8220; header_3_text_color=&#8220;#ffffff&#8220; header_3_font_size=&#8220;24px&#8220; custom_margin=&#8220;0px||0px||true|false&#8220; custom_padding=&#8220;0px||0px||true|false&#8220; animation_style=&#8220;fade&#8220; header_2_font_size_tablet=&#8220;30px&#8220; header_2_font_size_phone=&#8220;26px&#8220; header_2_font_size_last_edited=&#8220;on|desktop&#8220; header_3_font_size_tablet=&#8220;22px&#8220; header_3_font_size_phone=&#8220;21px&#8220; header_3_font_size_last_edited=&#8220;on|desktop&#8220;]<\/p>\n<h3>Ein Besuch im Van Gogh House und im Veenloopcentrum<\/h3>\n<p>Inspiriert von der wundersch\u00f6nen Landschaft fertigte Van Gogh eine Reihe von Gem\u00e4lden an. Es liegt an Ihnen, in die Fu\u00dfstapfen von Vincent van Gogh zu treten und die Bargerveen zu erkunden.<br \/>(Mindestanzahl Personen: 8)<\/p>\n<p><strong>Programm<\/strong><br \/>10.30 Uhr Empfang: Kaffee und Kuchen sowie audiovisuelle Pr\u00e4sentation und Besichtigung des Van Gogh Hauses<br \/>13:00 Uhr Mittagessen und Kaffeetisch im Veenloopcentrum<br \/>13:00 Uhr Mittagessen und Kaffeetisch im Veenloopcentrum<br \/>16.30 Uhr Schlie\u00dfung<\/p>\n<p><strong>Routing<br \/><\/strong>Sie beginnen den Tag im Van Gogh House und fahren mit Ihrem eigenen Transportmittel (Auto oder Fahrrad) zum Veenloopcentrum.<br \/>Route: Sie fahren entlang der Vaart ZZ in Richtung Schoonebeek. Folgen Sie der Stra\u00dfe, biegen Sie in der Kurve rechts ab und biegen Sie nach etwa 10 Metern links \u00fcber die Br\u00fccke ab. Biegen Sie rechts \u00fcber die Br\u00fccke ab und folgen Sie der Stra\u00dfe bis zum Kreisverkehr. Nehmen Sie am Kreisverkehr die 1. Ausfahrt und am 2. Kreisverkehr die 2. Ausfahrt in Richtung Schoonebeek. Nehmen Sie nach der Tankstelle die 1. Ausfahrt links. Sie kommen am Turfstrooiselfabriek vorbei. Folgen Sie der Stra\u00dfe bis zum Ende und biegen Sie links ab in Richtung Weiteveen. Von hier aus folgen Sie den Schildern &#8222;Veenloopcentrum&#8220;.<br \/><strong><em><br \/>Teil dieses Pakets ist ein Besuch im Van Gogh House. Hier erhalten Sie eine pers\u00f6nliche Tour, einschlie\u00dflich einer Tour durch Vincent van Goghs Schlafzimmer und Arbeitszimmer und die alte Gasterie von 1883. Dies wird jetzt wieder als Restaurant genutzt. <\/em><\/strong><\/p>\n<p><strong><em>Teil der Tour ist auch ein Kurzfilm \u00fcber Van Goghs Aufenthalt in New Amsterdam und seinen Besuch in Zweeloo. \u00dcber das heutige Periskop k\u00f6nnen Sie die alten Attribute aus dieser Zeit einsehen, die auf dem Dachboden des Van-Gogh-Hauses aufbewahrt werden. Es lohnt sich. <\/em><\/strong><\/p>\n<p>Kosten per persoon: \u20ac 20,00<br \/>(Mittagessen mit Suppe und Krokette 5 \u20ac extra p \/ p)<\/p>\n<p>[\/et_pb_text][\/et_pb_column][\/et_pb_row][\/et_pb_section][et_pb_section bb_built=&#8220;1&#8243; disabled_on=&#8220;on|off|off&#8220; _builder_version=&#8220;4.6.3&#8243; _module_preset=&#8220;default&#8220; custom_margin=&#8220;0px|0px|0px|0px|true|true&#8220; custom_padding=&#8220;0px|0px|0px|0px|true|true&#8220; top_divider_style=&#8220;mountains&#8220; top_divider_color=&#8220;#57162d&#8220; top_divider_height=&#8220;50px&#8220; top_divider_arrangement=&#8220;above_content&#8220; top_divider_height_tablet=&#8220;30px&#8220; top_divider_height_phone=&#8220;20px&#8220; top_divider_height_last_edited=&#8220;on|phone&#8220; prev_background_color=&#8220;#57162d&#8220;][et_pb_row column_structure=&#8220;1_3,1_3,1_3&#8243; use_custom_gutter=&#8220;on&#8220; gutter_width=&#8220;1&#8243; make_equal=&#8220;on&#8220; _builder_version=&#8220;4.6.3&#8243; _module_preset=&#8220;default&#8220; width=&#8220;100%&#8220; max_width=&#8220;100%&#8220; custom_margin=&#8220;0px|0px|0px|0px|true|true&#8220; custom_padding=&#8220;0px|0px|0px|0px|true|true&#8220;][et_pb_column type=&#8220;1_3&#8243; _builder_version=&#8220;4.6.3&#8243; _module_preset=&#8220;default&#8220;][et_pb_image src=&#8220;https:\/\/www.veenloopcentrum.nl\/wp-content\/uploads\/2020\/09\/veenloopcentrum_weiteveen_slider_03.jpg&#8220; alt=&#8220;Veenloopcentrum Weiteveen&#8220; title_text=&#8220;veenloopcentrum_weiteveen_slider_03&#8243; disabled_on=&#8220;on|on|off&#8220; _builder_version=&#8220;4.6.3&#8243; _module_preset=&#8220;default&#8220; animation_style=&#8220;fade&#8220;]<\/p>\n<p>[\/et_pb_image][\/et_pb_column][et_pb_column type=&#8220;1_3&#8243; _builder_version=&#8220;4.6.3&#8243; _module_preset=&#8220;default&#8220;][et_pb_image src=&#8220;https:\/\/www.veenloopcentrum.nl\/wp-content\/uploads\/2020\/10\/veenpoort_veenloopcentrum_weitveen_03.jpg&#8220; alt=&#8220;Veenloopcentrum Weiteveen&#8220; title_text=&#8220;veenpoort_veenloopcentrum_weitveen_03&#8243; _builder_version=&#8220;4.6.3&#8243; _module_preset=&#8220;default&#8220; animation_style=&#8220;fade&#8220;]<\/p>\n<p>[\/et_pb_image][\/et_pb_column][et_pb_column type=&#8220;1_3&#8243; _builder_version=&#8220;4.6.3&#8243; _module_preset=&#8220;default&#8220;][et_pb_image src=&#8220;https:\/\/www.veenloopcentrum.nl\/wp-content\/uploads\/2020\/09\/veenloopcentrum_weiteveen_slider_04.jpg&#8220; alt=&#8220;Veenloopcentrum Weiteveen&#8220; title_text=&#8220;veenloopcentrum_weiteveen_slider_04&#8243; disabled_on=&#8220;on|on|off&#8220; _builder_version=&#8220;4.6.3&#8243; _module_preset=&#8220;default&#8220; animation_style=&#8220;fade&#8220;]<\/p>\n<p>[\/et_pb_image][\/et_pb_column][\/et_pb_row][\/et_pb_section]<\/p>\n","protected":false},"excerpt":{"rendered":"<p>Van Gogh und das Veenloopcentrum F\u00fcr dieses Arrangement k\u00f6nnen Sie sich dienstags und mittwochs telefonisch im Van Gogh Huis anmelden. An anderen Tagen k\u00f6nnen Sie eine E-Mail schicken. Sie werden dann zur\u00fcckgerufen. Kontaktdaten Van Gogh Huis:Telefonnummer: 0031 (0)591-555600E-Mail-Adresse: info@vangogh-drenthe.nl Rufen Sie an oder schicken Sie eine E-Mail f\u00fcr weitere Informationen, Reservierungen oder ein ma\u00dfgeschneidertes Arrangement. [&hellip;]<\/p>\n","protected":false},"author":1,"featured_media":0,"parent":0,"menu_order":0,"comment_status":"closed","ping_status":"closed","template":"","meta":{"_et_pb_use_builder":"on","_et_pb_old_content":"","_et_gb_content_width":"","footnotes":""},"class_list":["post-2220","page","type-page","status-publish","hentry"],"_links":{"self":[{"href":"https:\/\/www.veenloopcentrum.nl\/de\/wp-json\/wp\/v2\/pages\/2220","targetHints":{"allow":["GET"]}}],"collection":[{"href":"https:\/\/www.veenloopcentrum.nl\/de\/wp-json\/wp\/v2\/pages"}],"about":[{"href":"https:\/\/www.veenloopcentrum.nl\/de\/wp-json\/wp\/v2\/types\/page"}],"author":[{"embeddable":true,"href":"https:\/\/www.veenloopcentrum.nl\/de\/wp-json\/wp\/v2\/users\/1"}],"replies":[{"embeddable":true,"href":"https:\/\/www.veenloopcentrum.nl\/de\/wp-json\/wp\/v2\/comments?post=2220"}],"version-history":[{"count":11,"href":"https:\/\/www.veenloopcentrum.nl\/de\/wp-json\/wp\/v2\/pages\/2220\/revisions"}],"predecessor-version":[{"id":2430,"href":"https:\/\/www.veenloopcentrum.nl\/de\/wp-json\/wp\/v2\/pages\/2220\/revisions\/2430"}],"wp:attachment":[{"href":"https:\/\/www.veenloopcentrum.nl\/de\/wp-json\/wp\/v2\/media?parent=2220"}],"curies":[{"name":"wp","href":"https:\/\/api.w.org\/{rel}","templated":true}]}}