{"id":2224,"date":"2020-10-07T10:01:23","date_gmt":"2020-10-07T10:01:23","guid":{"rendered":"https:\/\/www.veenloopcentrum.nl\/naturinformationszentrum\/"},"modified":"2021-05-13T18:43:37","modified_gmt":"2021-05-13T18:43:37","slug":"naturinformationszentrum","status":"publish","type":"page","link":"https:\/\/www.veenloopcentrum.nl\/de\/naturinformationszentrum\/","title":{"rendered":"Naturinformationszentrum"},"content":{"rendered":"<p>[et_pb_section fb_built=&#8220;1&#8243; inner_shadow=&#8220;on&#8220; fullwidth=&#8220;on&#8220; _builder_version=&#8220;4.6.3&#8243; bottom_divider_style=&#8220;mountains&#8220; bottom_divider_color=&#8220;#ffffff&#8220; bottom_divider_height=&#8220;50px&#8220; bottom_divider_height_tablet=&#8220;25px&#8220; bottom_divider_height_phone=&#8220;20px&#8220; bottom_divider_height_last_edited=&#8220;on|desktop&#8220;][et_pb_fullwidth_header title=&#8220;Naturinformationszentrum&#8220; text_orientation=&#8220;center&#8220; _builder_version=&#8220;4.6.3&#8243; _module_preset=&#8220;default&#8220; title_font=&#8220;Raleway|700|||||||&#8220; title_text_color=&#8220;#ffffff&#8220; title_font_size=&#8220;42px&#8220; subhead_font=&#8220;Raleway|500|||||||&#8220; subhead_text_align=&#8220;center&#8220; subhead_font_size=&#8220;20px&#8220; background_color=&#8220;#5f3055&#8243; use_background_color_gradient=&#8220;on&#8220; background_color_gradient_start=&#8220;rgba(73,34,60,0.69)&#8220; background_color_gradient_end=&#8220;rgba(73,34,60,0)&#8220; background_color_gradient_direction=&#8220;1deg&#8220; background_color_gradient_overlays_image=&#8220;on&#8220; background_image=&#8220;https:\/\/www.veenloopcentrum.nl\/wp-content\/uploads\/2020\/09\/natuurinfocentrum_veenloopcentrum_weitveen_01.jpg&#8220; custom_margin=&#8220;0px||0px||true|false&#8220; custom_padding=&#8220;150px||150px||true|false&#8220; custom_padding_tablet=&#8220;100px||100px||true|false&#8220; custom_padding_phone=&#8220;40px||40px||true|false&#8220; custom_padding_last_edited=&#8220;on|desktop&#8220; title_font_size_tablet=&#8220;30px&#8220; title_font_size_phone=&#8220;24px&#8220; title_font_size_last_edited=&#8220;on|desktop&#8220; subhead_font_size_tablet=&#8220;17px&#8220; subhead_font_size_phone=&#8220;16px&#8220; subhead_font_size_last_edited=&#8220;on|phone&#8220;]<br \/>\n[\/et_pb_fullwidth_header][\/et_pb_section][et_pb_section fb_built=&#8220;1&#8243; custom_padding_last_edited=&#8220;on|desktop&#8220; _builder_version=&#8220;4.6.3&#8243; _module_preset=&#8220;default&#8220; custom_margin=&#8220;0px||0px||true|false&#8220; custom_padding=&#8220;100px||100px||true|false&#8220; custom_padding_tablet=&#8220;50px||50px||true|false&#8220; custom_padding_phone=&#8220;40px||40px||true|false&#8220; bottom_divider_height=&#8220;40px&#8220; bottom_divider_flip=&#8220;horizontal&#8220;][et_pb_row column_structure=&#8220;3_4,1_4&#8243; _builder_version=&#8220;4.6.3&#8243; _module_preset=&#8220;default&#8220; custom_margin=&#8220;0px||0px||true|false&#8220; custom_padding=&#8220;0px||0px||false|false&#8220;][et_pb_column type=&#8220;3_4&#8243; _builder_version=&#8220;4.6.3&#8243; _module_preset=&#8220;default&#8220;][et_pb_text admin_label=&#8220;Titel Tekst&#8220; _builder_version=&#8220;4.6.3&#8243; text_text_color=&#8220;#24346c&#8220; header_font=&#8220;Raleway|600|||||||&#8220; header_text_align=&#8220;left&#8220; header_text_color=&#8220;#5f3055&#8243; header_font_size=&#8220;36px&#8220; header_2_font=&#8220;Raleway|600|||||||&#8220; header_2_text_align=&#8220;left&#8220; header_2_text_color=&#8220;#5f3055&#8243; header_2_font_size=&#8220;36px&#8220; header_3_font=&#8220;Caveat||||||||&#8220; header_3_text_color=&#8220;#ffffff&#8220; header_3_font_size=&#8220;46px&#8220; text_orientation=&#8220;center&#8220; custom_margin=&#8220;0px||0px||true|false&#8220; custom_padding=&#8220;0px||10px||false|false&#8220; animation_style=&#8220;fade&#8220; animation_direction=&#8220;left&#8220; header_font_size_tablet=&#8220;30px&#8220; header_font_size_phone=&#8220;26px&#8220; header_font_size_last_edited=&#8220;on|desktop&#8220; header_2_font_size_tablet=&#8220;30px&#8220; header_2_font_size_phone=&#8220;26px&#8220; header_2_font_size_last_edited=&#8220;on|desktop&#8220;]<\/p>\n<h2>Schaue, h\u00f6re, f\u00fchle und rieche\u2026<br \/>Lerne den Naturpark Bourtanger Moor kennen<\/h2>\n<p>[\/et_pb_text][et_pb_text _builder_version=&#8220;4.6.3&#8243; text_text_color=&#8220;#49223c&#8220; text_font_size=&#8220;18px&#8220; text_line_height=&#8220;2em&#8220; header_font=&#8220;Raleway|600|||||||&#8220; header_text_color=&#8220;#5f3055&#8243; header_font_size=&#8220;36px&#8220; header_2_font=&#8220;Raleway|600|||||||&#8220; header_2_text_color=&#8220;#5f3055&#8243; header_2_font_size=&#8220;36px&#8220; header_3_font=&#8220;|600|||||||&#8220; header_3_text_color=&#8220;#5f3055&#8243; custom_margin=&#8220;|||0px|false|false&#8220; custom_padding=&#8220;|||0px|false|false&#8220; animation_style=&#8220;fade&#8220; text_font_size_tablet=&#8220;17px&#8220; text_font_size_phone=&#8220;16px&#8220; text_font_size_last_edited=&#8220;on|phone&#8220; text_line_height_tablet=&#8220;1.8em&#8220; text_line_height_phone=&#8220;1.6em&#8220; text_line_height_last_edited=&#8220;on|phone&#8220; header_2_font_size_tablet=&#8220;30px&#8220; header_2_font_size_phone=&#8220;26px&#8220; header_2_font_size_last_edited=&#8220;on|desktop&#8220;]<\/p>\n<p>Im Bargerveen, dem letzten Hochmoorreservat der Niederlande, gibt es viel Sch\u00f6nes zu erleben. Zu diesem Thema erfahren Sie alles im Naturinformationszentrum.<\/p>\n<p>Eine wundersch\u00f6ne digitale Pr\u00e4sentation macht Sie mit dem gesamten Naturpark Bourtanger Moor bekannt, einem ganz besonderen Teil von Drenthe an der niederl\u00e4ndisch-deutschen Grenze. Hier k\u00f6nnen Sie sich auch \u00fcber Rad- und Wanderrouten informieren.<\/p>\n<p>Kinder k\u00f6nnen sehen, h\u00f6ren, f\u00fchlen und vielleicht sogar riechen, wie sch\u00f6n die Natur hier ist.<\/p>\n<p>Das Naturinformationszentrum befindet sich in der ehemaligen Mariakapelle in Weiteveen, Drenthe, und ist t\u00e4glich von 10:00 bis 16:00 Uhr ge\u00f6ffnet.<\/p>\n<p>[\/et_pb_text][\/et_pb_column][et_pb_column type=&#8220;1_4&#8243; _builder_version=&#8220;4.6.3&#8243; _module_preset=&#8220;default&#8220;][et_pb_image src=&#8220;https:\/\/www.veenloopcentrum.nl\/wp-content\/uploads\/2020\/09\/voetstappen_veenloopcentrum_01.png&#8220; alt=&#8220;Schritte&#8220; title_text=&#8220;Schritte&#8220; align=&#8220;center&#8220; _builder_version=&#8220;4.6.3&#8243; _module_preset=&#8220;default&#8220; width=&#8220;80%&#8220; width_tablet=&#8220;30%&#8220; width_phone=&#8220;&#8220; width_last_edited=&#8220;on|desktop&#8220; module_alignment=&#8220;center&#8220; animation_style=&#8220;slide&#8220; animation_direction=&#8220;right&#8220;]<br \/>\n[\/et_pb_image][et_pb_image src=&#8220;https:\/\/www.veenloopcentrum.nl\/wp-content\/uploads\/2020\/09\/voetstappen_veenloopcentrum_01.png&#8220; alt=&#8220;Schritte&#8220; title_text=&#8220;Schritte&#8220; align=&#8220;center&#8220; disabled_on=&#8220;on|on|off&#8220; _builder_version=&#8220;4.6.3&#8243; _module_preset=&#8220;default&#8220; width=&#8220;40%&#8220; width_tablet=&#8220;15%&#8220; width_phone=&#8220;&#8220; width_last_edited=&#8220;on|phone&#8220; module_alignment=&#8220;center&#8220; animation_style=&#8220;slide&#8220; animation_direction=&#8220;bottom&#8220;]<br \/>\n[\/et_pb_image][\/et_pb_column][\/et_pb_row][\/et_pb_section][et_pb_section fb_built=&#8220;1&#8243; prev_background_color=&#8220;#ffffff&#8220; disabled_on=&#8220;off|off|off&#8220; _builder_version=&#8220;4.6.3&#8243; _module_preset=&#8220;default&#8220; background_color=&#8220;#01662a&#8220; background_enable_image=&#8220;off&#8220; custom_margin=&#8220;0px||0px||true|false&#8220; custom_padding=&#8220;0px||0px||true|false&#8220; top_divider_style=&#8220;mountains&#8220; top_divider_height=&#8220;70px&#8220; top_divider_height_tablet=&#8220;40px&#8220; top_divider_height_phone=&#8220;20px&#8220; top_divider_height_last_edited=&#8220;on|phone&#8220;][et_pb_row custom_padding_last_edited=&#8220;on|phone&#8220; _builder_version=&#8220;4.6.3&#8243; _module_preset=&#8220;default&#8220; width=&#8220;95%&#8220; max_width=&#8220;85%&#8220; max_width_tablet=&#8220;90%&#8220; max_width_phone=&#8220;&#8220; max_width_last_edited=&#8220;on|desktop&#8220; custom_margin=&#8220;0px||0px||true|false&#8220; custom_padding=&#8220;170px||80px||false|false&#8220; custom_padding_tablet=&#8220;100px||40px||false|false&#8220; custom_padding_phone=&#8220;80px||20px||false|false&#8220;][et_pb_column type=&#8220;4_4&#8243; _builder_version=&#8220;4.6.3&#8243; _module_preset=&#8220;default&#8220;][et_pb_text admin_label=&#8220;Het Natuur Infocentrum in beeld tekst&#8220; _builder_version=&#8220;4.6.3&#8243; text_text_color=&#8220;#24346c&#8220; header_text_color=&#8220;#ffffff&#8220; header_3_font=&#8220;Raleway|600|||||||&#8220; header_3_text_color=&#8220;#ffffff&#8220; header_3_font_size=&#8220;32px&#8220; text_orientation=&#8220;center&#8220; custom_margin=&#8220;0px||0px||true|false&#8220; custom_padding=&#8220;0px||40px||false|false&#8220; custom_padding_tablet=&#8220;||25px||false|false&#8220; custom_padding_phone=&#8220;||15px||false|false&#8220; custom_padding_last_edited=&#8220;on|phone&#8220; animation_style=&#8220;slide&#8220; animation_direction=&#8220;bottom&#8220; animation_intensity_slide=&#8220;36%&#8220; header_3_font_size_tablet=&#8220;28px&#8220; header_3_font_size_phone=&#8220;25px&#8220; header_3_font_size_last_edited=&#8220;on|phone&#8220;]<\/p>\n<h3>Das Naturinformationszentrum im Bild<\/h3>\n<p>[\/et_pb_text][dica_divi_carousel show_items_desktop=&#8220;3&#8243; show_items_tablet=&#8220;2&#8243; transition_duration=&#8220;1500&#8243; loop=&#8220;on&#8220; autoplay=&#8220;on&#8220; hoverpause=&#8220;on&#8220; autoplay_speed=&#8220;2000&#8243; arrow_nav=&#8220;on&#8220; dot_nav=&#8220;on&#8220; item_spacing=&#8220;100px&#8220; item_spacing_tablet=&#8220;50px&#8220; item_spacing_phone=&#8220;30px&#8220; item_spacing_last_edited=&#8220;on|phone&#8220; equal_height=&#8220;on&#8220; advanced_effect=&#8220;1&#8243; overlay_image=&#8220;on&#8220; overlay_color=&#8220;rgba(87,22,45,0.46)&#8220; use_overlay_icon=&#8220;on&#8220; overlay_icon=&#8220;%%186%%&#8220; overlay_icon_color=&#8220;#efeaee&#8220; arrow_nav_color=&#8220;#01662a&#8220; arrow_bg_color=&#8220;#9fa81f&#8220; dots_color=&#8220;#ffffff&#8220; dots_active_color=&#8220;#9fa81f&#8220; arrow_position=&#8220;middle-outside&#8220; arrow_show_hover=&#8220;on&#8220; arrow_font_size=&#8220;35px&#8220; carousel_container_margin=&#8220;0px||0px||false|false&#8220; item_padding=&#8220;||20px||false|false&#8220; image_container_padding=&#8220;||10px||false|false&#8220; admin_label=&#8220;Foto Carousel&#8220; _builder_version=&#8220;4.6.3&#8243; _module_preset=&#8220;default&#8220; title_font=&#8220;Raleway||||||||&#8220; title_text_align=&#8220;center&#8220; title_text_color=&#8220;#ffffff&#8220; title_font_size=&#8220;16px&#8220; border_width_all_image=&#8220;10px&#8220; border_color_all_image=&#8220;#ffffff&#8220; box_shadow_style_image=&#8220;preset1&#8243; arrow_nav_color__hover_enabled=&#8220;on|desktop&#8220; arrow_nav_color__hover=&#8220;#ffffff&#8220; image_padding__hover_enabled=&#8220;on|desktop&#8220;][dica_divi_carouselitem title=&#8220;Naturinformationszentrum&#8220; button_url_new_window=&#8220;1&#8243; image=&#8220;https:\/\/www.veenloopcentrum.nl\/wp-content\/uploads\/2020\/09\/natuurinfocentrum_veenloopcentrum_weitveen_01.jpg&#8220; image_alt=&#8220;Naturinformationszentrum&#8220; image_lightbox=&#8220;on&#8220; _builder_version=&#8220;4.6.3&#8243; _module_preset=&#8220;default&#8220;][\/dica_divi_carouselitem][dica_divi_carouselitem title=&#8220;Viel Information&#8220; button_url_new_window=&#8220;1&#8243; image=&#8220;https:\/\/www.veenloopcentrum.nl\/wp-content\/uploads\/2020\/10\/natuurinfocentrum_veenloopcentrum_weitveen_03.jpg&#8220; image_alt=&#8220;Viel Information&#8220; image_lightbox=&#8220;on&#8220; _builder_version=&#8220;4.6.3&#8243; _module_preset=&#8220;default&#8220;][\/dica_divi_carouselitem][dica_divi_carouselitem title=&#8220;Digitale Pr\u00e4sentation&#8220; button_url_new_window=&#8220;1&#8243; image=&#8220;https:\/\/www.veenloopcentrum.nl\/wp-content\/uploads\/2020\/10\/natuurinfocentrum_veenloopcentrum_weitveen_02.jpg&#8220; image_alt=&#8220;Digitale Pr\u00e4sentation&#8220; image_lightbox=&#8220;on&#8220; _builder_version=&#8220;4.6.3&#8243; _module_preset=&#8220;default&#8220;][\/dica_divi_carouselitem][dica_divi_carouselitem title=&#8220;Naturinformationszentrum&#8220; button_url_new_window=&#8220;1&#8243; image=&#8220;https:\/\/www.veenloopcentrum.nl\/wp-content\/uploads\/2020\/10\/natuurinfocentrum_veenloopcentrum_weitveen_04.jpg&#8220; image_alt=&#8220;Naturinformationszentrum&#8220; image_lightbox=&#8220;on&#8220; _builder_version=&#8220;4.6.3&#8243; _module_preset=&#8220;default&#8220;][\/dica_divi_carouselitem][\/dica_divi_carousel][\/et_pb_column][\/et_pb_row][\/et_pb_section][et_pb_section fb_built=&#8220;1&#8243; prev_background_color=&#8220;#01662a&#8220; disabled_on=&#8220;off|off|off&#8220; _builder_version=&#8220;4.6.3&#8243; _module_preset=&#8220;default&#8220; background_color=&#8220;rgba(0,0,0,0)&#8220; background_image=&#8220;https:\/\/www.veenloopcentrum.nl\/wp-content\/uploads\/2020\/11\/veenlopen_veenloopcentrum_weiteveen_slider_06.jpg&#8220; parallax=&#8220;on&#8220; custom_margin=&#8220;0px||0px||true|false&#8220; custom_padding=&#8220;0px||0px||true|false&#8220; top_divider_style=&#8220;mountains&#8220; top_divider_height=&#8220;70px&#8220; top_divider_height_tablet=&#8220;40px&#8220; top_divider_height_phone=&#8220;20px&#8220; top_divider_height_last_edited=&#8220;on|phone&#8220;][et_pb_row column_structure=&#8220;1_2,1_2&#8243; custom_padding_last_edited=&#8220;on|desktop&#8220; _builder_version=&#8220;4.6.3&#8243; _module_preset=&#8220;default&#8220; background_color=&#8220;rgba(0,0,0,0)&#8220; custom_margin=&#8220;0px||0px||true|false&#8220; custom_padding=&#8220;190px||150px||false|false&#8220; custom_padding_tablet=&#8220;80px||20px||false|false&#8220; custom_padding_phone=&#8220;60px||0px||false|false&#8220;][et_pb_column type=&#8220;1_2&#8243; _builder_version=&#8220;4.6.3&#8243; _module_preset=&#8220;default&#8220; background_color=&#8220;#5f3055&#8243; custom_padding=&#8220;50px|60px|50px|60px|true|true&#8220; custom_padding_tablet=&#8220;35px|40px|35px|40px|true|true&#8220; custom_padding_phone=&#8220;25px|30px|25px|30px|true|true&#8220; custom_padding_last_edited=&#8220;on|desktop&#8220;][et_pb_text admin_label=&#8220;Natuurpark Veenland tekst&#8220; _builder_version=&#8220;4.6.3&#8243; text_text_color=&#8220;#ffffff&#8220; text_font_size=&#8220;18px&#8220; text_line_height=&#8220;1.8em&#8220; header_text_color=&#8220;#ffffff&#8220; header_2_font=&#8220;Raleway|600|||||||&#8220; header_2_text_color=&#8220;#ffffff&#8220; header_2_font_size=&#8220;36px&#8220; header_3_font=&#8220;Raleway|600|||||||&#8220; header_3_text_color=&#8220;#ffffff&#8220; header_3_font_size=&#8220;24px&#8220; animation_style=&#8220;fade&#8220; header_2_font_size_tablet=&#8220;30px&#8220; header_2_font_size_phone=&#8220;26px&#8220; header_2_font_size_last_edited=&#8220;on|desktop&#8220; header_3_font_size_tablet=&#8220;22px&#8220; header_3_font_size_phone=&#8220;21px&#8220; header_3_font_size_last_edited=&#8220;on|desktop&#8220;]<\/p>\n<h2>Naturpark Bourtanger Moor<\/h2>\n<p>Erleben Sie das einzigartige \u00d6kosystem im einst gr\u00f6\u00dften zusammenh\u00e4ngenden Torfmoor Mitteleuropas.<\/p>\n<p>[\/et_pb_text][et_pb_image src=&#8220;https:\/\/www.veenloopcentrum.nl\/wp-content\/uploads\/2020\/10\/naturpark_moor_veenland_logo_01.jpg&#8220; alt=&#8220;Naturpark Bourtanger Moor&#8220; title_text=&#8220;Naturpark Bourtanger Moor&#8220; url=&#8220;https:\/\/nl.naturpark-moor.eu\/&#8220; url_new_window=&#8220;on&#8220; admin_label=&#8220;Logo Afbeelding&#8220; _builder_version=&#8220;4.6.3&#8243; _module_preset=&#8220;default&#8220; width=&#8220;60%&#8220; width_tablet=&#8220;50%&#8220; width_phone=&#8220;70%&#8220; width_last_edited=&#8220;on|phone&#8220; module_alignment=&#8220;left&#8220; custom_margin=&#8220;0px||0px||false|false&#8220; custom_margin_tablet=&#8220;0px||0px||true|false&#8220; custom_margin_phone=&#8220;0px||0px||true|false&#8220; custom_margin_last_edited=&#8220;on|desktop&#8220; custom_padding=&#8220;0px||0px||true|false&#8220; module_alignment_tablet=&#8220;center&#8220; module_alignment_phone=&#8220;center&#8220; module_alignment_last_edited=&#8220;on|desktop&#8220;]<br \/>\n[\/et_pb_image][et_pb_button button_url=&#8220;https:\/\/nl.naturpark-moor.eu\/&#8220; url_new_window=&#8220;on&#8220; button_text=&#8220;Auf die Veenland-Website&#8220; disabled_on=&#8220;on|on|on&#8220; module_class=&#8220;dtb-button&#8220; _builder_version=&#8220;4.6.3&#8243; button_icon_color=&#8220;#ffffff&#8220; background_layout=&#8220;dark&#8220; custom_margin=&#8220;25px|||&#8220; animation_style=&#8220;fade&#8220; disabled=&#8220;on&#8220; button_bg_color__hover_enabled=&#8220;on|desktop&#8220; button_bg_color__hover=&#8220;#ffffff&#8220; button_bg_enable_color__hover=&#8220;on&#8220; button_text_color__hover_enabled=&#8220;on|desktop&#8220; button_text_color__hover=&#8220;#5f3055&#8243; button_icon_color__hover_enabled=&#8220;on|desktop&#8220; button_icon_color__hover=&#8220;#5f3055&#8243;]<br \/>\n[\/et_pb_button][\/et_pb_column][et_pb_column type=&#8220;1_2&#8243; _builder_version=&#8220;4.6.3&#8243; _module_preset=&#8220;default&#8220; background_color=&#8220;#57162d&#8220; custom_padding=&#8220;50px|60px|50px|60px|true|true&#8220; custom_padding_tablet=&#8220;35px|40px|35px|40px|true|true&#8220; custom_padding_phone=&#8220;25px|30px|25px|30px|true|true&#8220; custom_padding_last_edited=&#8220;on|desktop&#8220;][et_pb_text admin_label=&#8220;Schaapskooi tekst&#8220; _builder_version=&#8220;4.6.3&#8243; text_text_color=&#8220;#ffffff&#8220; text_font_size=&#8220;18px&#8220; text_line_height=&#8220;1.8em&#8220; header_text_color=&#8220;#ffffff&#8220; header_2_font=&#8220;Raleway|600|||||||&#8220; header_2_text_color=&#8220;#ffffff&#8220; header_2_font_size=&#8220;36px&#8220; header_3_font=&#8220;Raleway|600|||||||&#8220; header_3_text_color=&#8220;#ffffff&#8220; header_3_font_size=&#8220;24px&#8220; animation_style=&#8220;fade&#8220; header_2_font_size_tablet=&#8220;30px&#8220; header_2_font_size_phone=&#8220;26px&#8220; header_2_font_size_last_edited=&#8220;on|desktop&#8220; header_3_font_size_tablet=&#8220;22px&#8220; header_3_font_size_phone=&#8220;21px&#8220; header_3_font_size_last_edited=&#8220;on|desktop&#8220;]<\/p>\n<h2>Schafstall<\/h2>\n<p>Der Schafstall, der 2018 von K\u00f6nig Willem-Alexander er\u00f6ffnet wurde, liegt etwa 500 Meter vom Veenloopcentrum entfernt. Dies kann \u00fcber das Historisch Pad erreicht werden, das vom Veenloopcentrum zum Schafstall f\u00fchrt.<\/p>\n<p>Es ist der gr\u00f6\u00dfte Schafstall in den Niederlanden f\u00fcr etwa 1000 Schafe. Es gibt auch einen Viehstall f\u00fcr 110 Rinder. In der N\u00e4he des Schafstalles befindet sich das Restaurant Wollegras, in dem Sie mit Blick auf den Schafstall und die Bargerveen k\u00f6stlich essen k\u00f6nnen.<\/p>\n<p>[\/et_pb_text][\/et_pb_column][\/et_pb_row][\/et_pb_section]<\/p>\n","protected":false},"excerpt":{"rendered":"<p>Schaue, h\u00f6re, f\u00fchle und rieche\u2026Lerne den Naturpark Bourtanger Moor kennen Im Bargerveen, dem letzten Hochmoorreservat der Niederlande, gibt es viel Sch\u00f6nes zu erleben. Zu diesem Thema erfahren Sie alles im Naturinformationszentrum. Eine wundersch\u00f6ne digitale Pr\u00e4sentation macht Sie mit dem gesamten Naturpark Bourtanger Moor bekannt, einem ganz besonderen Teil von Drenthe an der niederl\u00e4ndisch-deutschen Grenze. Hier [&hellip;]<\/p>\n","protected":false},"author":1,"featured_media":0,"parent":0,"menu_order":0,"comment_status":"closed","ping_status":"closed","template":"","meta":{"_et_pb_use_builder":"on","_et_pb_old_content":"","_et_gb_content_width":"","footnotes":""},"class_list":["post-2224","page","type-page","status-publish","hentry"],"_links":{"self":[{"href":"https:\/\/www.veenloopcentrum.nl\/de\/wp-json\/wp\/v2\/pages\/2224","targetHints":{"allow":["GET"]}}],"collection":[{"href":"https:\/\/www.veenloopcentrum.nl\/de\/wp-json\/wp\/v2\/pages"}],"about":[{"href":"https:\/\/www.veenloopcentrum.nl\/de\/wp-json\/wp\/v2\/types\/page"}],"author":[{"embeddable":true,"href":"https:\/\/www.veenloopcentrum.nl\/de\/wp-json\/wp\/v2\/users\/1"}],"replies":[{"embeddable":true,"href":"https:\/\/www.veenloopcentrum.nl\/de\/wp-json\/wp\/v2\/comments?post=2224"}],"version-history":[{"count":16,"href":"https:\/\/www.veenloopcentrum.nl\/de\/wp-json\/wp\/v2\/pages\/2224\/revisions"}],"predecessor-version":[{"id":2263,"href":"https:\/\/www.veenloopcentrum.nl\/de\/wp-json\/wp\/v2\/pages\/2224\/revisions\/2263"}],"wp:attachment":[{"href":"https:\/\/www.veenloopcentrum.nl\/de\/wp-json\/wp\/v2\/media?parent=2224"}],"curies":[{"name":"wp","href":"https:\/\/api.w.org\/{rel}","templated":true}]}}